{"id":9411,"date":"2022-05-16T11:26:04","date_gmt":"2022-05-16T09:26:04","guid":{"rendered":"https:\/\/www.provisior.nl\/?page_id=9411"},"modified":"2022-05-16T11:29:18","modified_gmt":"2022-05-16T09:29:18","slug":"koppeling-tech-data","status":"publish","type":"page","link":"https:\/\/www.provisior.nl\/en\/koppeling-tech-data\/","title":{"rendered":"Koppeling Tech Data"},"content":{"rendered":"<p>[et_pb_section fb_built=&#8221;1&#8243; custom_padding_last_edited=&#8221;on|desktop&#8221; admin_label=&#8221;Header&#8221; _builder_version=&#8221;4.7.7&#8243; use_background_color_gradient=&#8221;on&#8221; background_color_gradient_start=&#8221;rgba(0,0,0,0)&#8221; background_color_gradient_end=&#8221;rgba(0,0,0,0)&#8221; background_color_gradient_direction=&#8221;130deg&#8221; background_image=&#8221;https:\/\/www.provisior.nl\/wp-content\/uploads\/2021\/01\/Koppelingen-3.png&#8221; background_position=&#8221;top_left&#8221; background_blend=&#8221;saturation&#8221; height=&#8221;425px&#8221; custom_padding=&#8221;7vw||10vw||false|false&#8221; custom_padding_tablet=&#8221;100px||100px||true&#8221; custom_padding_phone=&#8221;||||true&#8221; bottom_divider_height=&#8221;250px&#8221; bottom_divider_flip=&#8221;horizontal&#8221; bottom_divider_height_tablet=&#8221;150px&#8221; bottom_divider_height_phone=&#8221;110px&#8221; bottom_divider_height_last_edited=&#8221;on|phone&#8221; saved_tabs=&#8221;all&#8221; global_colors_info=&#8221;{}&#8221;][et_pb_row _builder_version=&#8221;4.6.1&#8243; background_color=&#8221;rgba(255,255,255,0.3)&#8221; width=&#8221;79.1%&#8221; custom_padding=&#8221;20px||40px||false|false&#8221; animation_style=&#8221;fade&#8221; animation_delay=&#8221;850ms&#8221; global_colors_info=&#8221;{}&#8221;][et_pb_column type=&#8221;4_4&#8243; _builder_version=&#8221;3.25&#8243; custom_padding=&#8221;|||&#8221; global_colors_info=&#8221;{}&#8221; custom_padding__hover=&#8221;|||&#8221;][et_pb_text _builder_version=&#8221;4.14.5&#8243; text_font=&#8221;Roboto||||||||&#8221; text_line_height=&#8221;1.8em&#8221; header_font=&#8221;||||||||&#8221; header_text_align=&#8221;center&#8221; header_text_color=&#8221;#000000&#8243; header_font_size=&#8221;80px&#8221; header_line_height=&#8221;1.2em&#8221; header_3_font=&#8221;Roboto|700||on|||||&#8221; header_3_text_align=&#8221;center&#8221; header_3_text_color=&#8221;#ffffff&#8221; header_3_font_size=&#8221;24px&#8221; header_3_letter_spacing=&#8221;10px&#8221; header_3_line_height=&#8221;2em&#8221; text_orientation=&#8221;center&#8221; background_layout=&#8221;dark&#8221; module_alignment=&#8221;center&#8221; hover_enabled=&#8221;0&#8243; text_font_size_last_edited=&#8221;off|desktop&#8221; header_font_size_tablet=&#8221;40px&#8221; header_font_size_phone=&#8221;32px&#8221; header_font_size_last_edited=&#8221;on|phone&#8221; header_3_font_size_tablet=&#8221;16px&#8221; header_3_font_size_phone=&#8221;14px&#8221; header_3_font_size_last_edited=&#8221;on|phone&#8221; header_3_letter_spacing_tablet=&#8221;5px&#8221; header_3_letter_spacing_phone=&#8221;&#8221; header_3_letter_spacing_last_edited=&#8221;on|tablet&#8221; global_colors_info=&#8221;{}&#8221; sticky_enabled=&#8221;0&#8243;]<\/p>\n<h1>Tech Data koppeling<\/h1>\n<p>[\/et_pb_text][et_pb_text _builder_version=&#8221;4.6.1&#8243; text_font=&#8221;||||||||&#8221; text_text_color=&#8221;#000000&#8243; text_font_size=&#8221;20px&#8221; text_line_height=&#8221;2em&#8221; ul_font=&#8221;||||||||&#8221; header_font=&#8221;Roboto|700|||||||&#8221; header_text_align=&#8221;center&#8221; header_font_size=&#8221;80px&#8221; header_line_height=&#8221;1.2em&#8221; header_3_font=&#8221;Roboto|700||on|||||&#8221; header_3_text_align=&#8221;center&#8221; header_3_text_color=&#8221;#ffffff&#8221; header_3_font_size=&#8221;24px&#8221; header_3_letter_spacing=&#8221;10px&#8221; header_3_line_height=&#8221;2em&#8221; text_orientation=&#8221;center&#8221; background_layout=&#8221;dark&#8221; max_width=&#8221;800px&#8221; module_alignment=&#8221;center&#8221; text_font_size_last_edited=&#8221;off|desktop&#8221; header_font_size_tablet=&#8221;40px&#8221; header_font_size_phone=&#8221;32px&#8221; header_font_size_last_edited=&#8221;on|phone&#8221; header_3_font_size_tablet=&#8221;16px&#8221; header_3_font_size_phone=&#8221;14px&#8221; header_3_font_size_last_edited=&#8221;on|phone&#8221; header_3_letter_spacing_tablet=&#8221;5px&#8221; header_3_letter_spacing_phone=&#8221;&#8221; header_3_letter_spacing_last_edited=&#8221;on|tablet&#8221; global_colors_info=&#8221;{}&#8221;]<\/p>\n<p>[\/et_pb_text][\/et_pb_column][\/et_pb_row][\/et_pb_section][et_pb_section fb_built=&#8221;1&#8243; _builder_version=&#8221;4.7.7&#8243; _module_preset=&#8221;default&#8221; global_colors_info=&#8221;{}&#8221;][et_pb_row _builder_version=&#8221;4.7.7&#8243; _module_preset=&#8221;default&#8221; custom_padding=&#8221;50px||||false|false&#8221; global_colors_info=&#8221;{}&#8221;][et_pb_column type=&#8221;4_4&#8243; _builder_version=&#8221;4.7.7&#8243; _module_preset=&#8221;default&#8221; global_colors_info=&#8221;{}&#8221;][et_pb_text _builder_version=&#8221;4.14.5&#8243; _module_preset=&#8221;default&#8221; custom_margin=&#8221;||0px||false|false&#8221; custom_padding=&#8221;||0px||false|false&#8221; hover_enabled=&#8221;0&#8243; global_colors_info=&#8221;{}&#8221; sticky_enabled=&#8221;0&#8243;]<\/p>\n<p style=\"text-align: justify;\"><strong>Over Tech Data<\/strong><\/p>\n<p style=\"text-align: justify;\">De vraag en behoeften naar technologie veranderen voortdurend. Tech Data is de vitale schakel in het technische ecosysteem die het mogelijk maakt om aan deze continue verandering te kunnen voldoen. Als leidende IT distributeur helpt Tech Data bij het integreren van technologie en het leveren van oplossingen die verbinding, groei en ontwikkeling mogelijk maken. Met ruim 125.000 tevreden klanten in meer dan 100 verschillende landen is Tech Data een van de grootste technologieleveranciers ter wereld.<\/p>\n<p style=\"text-align: justify;\">\n<p style=\"text-align: justify;\"><strong>De koppeling<\/strong><\/p>\n<p style=\"text-align: justify;\">Organisaties besteden jaarlijks meer dan twee miljoen euro aan softwarelicenties die niet gebruikt worden, zo blijkt uit Europees onderzoek van Insight. Ongeveer 20% van de door organisaties aangeschafte softwarelicenties wordt niet gebruikt en deze ongebruikte of dubbele licenties brengen hoge onnodige kosten met zich mee. Provisior en Tech Data zien de uitdaging waar organisaties mee te maken hebben en bieden hen een effectieve oplossing. De koppeling tussen Provisior en Tech Data biedt u inzicht en controle.<\/p>\n<p style=\"text-align: justify;\">\n<p style=\"text-align: justify;\"><strong>De voordelen<\/strong><\/p>\n<p style=\"text-align: justify;\">Door de koppelingen met de IT distributeur Tech Data is het via Provisior mogelijk om uw Microsoft 365 licenties geautomatiseerd op- en af te schalen. Dit brengt voordelen met zich mee op het gebied van effici\u00ebntie, controle en gemak. Uw M365 licenties zijn immers eenvoudig te beheren via \u00e9\u00e9n platform. U krijgt inzicht in de hoeveelheid afgesloten licenties binnen uw organisatie en deze schalen automatisch op of af wanneer nodig. Zo kunnen u en uw medewerkers effici\u00ebnt werken en betaalt u geen minuut te veel voor uw M365 licenties.<\/p>\n<p>[\/et_pb_text][\/et_pb_column][\/et_pb_row][\/et_pb_section]<\/p>\n","protected":false},"excerpt":{"rendered":"<p>Tech Data koppelingOver Tech Data De vraag en behoeften naar technologie veranderen voortdurend. Tech Data is de vitale schakel in het technische ecosysteem die het mogelijk maakt om aan deze continue verandering te kunnen voldoen. Als leidende IT distributeur helpt Tech Data bij het integreren van technologie en het leveren van oplossingen die verbinding, groei [&hellip;]<\/p>\n","protected":false},"author":3,"featured_media":5804,"parent":0,"menu_order":1,"comment_status":"closed","ping_status":"closed","template":"","meta":{"_et_pb_use_builder":"on","_et_pb_old_content":"","_et_gb_content_width":"","footnotes":""},"class_list":["post-9411","page","type-page","status-publish","has-post-thumbnail","hentry"],"yoast_head":"<!-- This site is optimized with the Yoast SEO plugin v27.5 - https:\/\/yoast.com\/product\/yoast-seo-wordpress\/ -->\n<title>Koppeling met het IT-distributeur Tech Data - Provisior<\/title>\n<meta name=\"description\" content=\"Wat is Tech Data, hoe werkt de koppeling tussen Tech Data en Provisior en wat zijn de voordelen hiervan? Je leest het hier!\" \/>\n<meta name=\"robots\" content=\"index, follow, max-snippet:-1, max-image-preview:large, max-video-preview:-1\" \/>\n<link rel=\"canonical\" href=\"https:\/\/www.provisior.nl\/en\/koppeling-tech-data\/\" \/>\n<meta property=\"og:locale\" content=\"en_GB\" \/>\n<meta property=\"og:type\" content=\"article\" \/>\n<meta property=\"og:title\" content=\"Koppeling met het IT-distributeur Tech Data - Provisior\" \/>\n<meta property=\"og:description\" content=\"Wat is Tech Data, hoe werkt de koppeling tussen Tech Data en Provisior en wat zijn de voordelen hiervan? Je leest het hier!\" \/>\n<meta property=\"og:url\" content=\"https:\/\/www.provisior.nl\/en\/koppeling-tech-data\/\" \/>\n<meta property=\"og:site_name\" content=\"Provisior\" \/>\n<meta property=\"article:modified_time\" content=\"2022-05-16T09:29:18+00:00\" \/>\n<meta property=\"og:image\" content=\"https:\/\/www.provisior.nl\/wp-content\/uploads\/2021\/01\/Koppelingen-3.png\" \/>\n\t<meta property=\"og:image:width\" content=\"4102\" \/>\n\t<meta property=\"og:image:height\" content=\"2464\" \/>\n\t<meta property=\"og:image:type\" content=\"image\/png\" \/>\n<meta name=\"twitter:card\" content=\"summary_large_image\" \/>\n<meta name=\"twitter:label1\" content=\"Estimated reading time\" \/>\n\t<meta name=\"twitter:data1\" content=\"4 minutes\" \/>\n<script type=\"application\/ld+json\" class=\"yoast-schema-graph\">{\"@context\":\"https:\\\/\\\/schema.org\",\"@graph\":[{\"@type\":\"WebPage\",\"@id\":\"https:\\\/\\\/www.provisior.nl\\\/koppeling-tech-data\\\/\",\"url\":\"https:\\\/\\\/www.provisior.nl\\\/koppeling-tech-data\\\/\",\"name\":\"Koppeling met het IT-distributeur Tech Data - Provisior\",\"isPartOf\":{\"@id\":\"https:\\\/\\\/www.provisior.nl\\\/#website\"},\"primaryImageOfPage\":{\"@id\":\"https:\\\/\\\/www.provisior.nl\\\/koppeling-tech-data\\\/#primaryimage\"},\"image\":{\"@id\":\"https:\\\/\\\/www.provisior.nl\\\/koppeling-tech-data\\\/#primaryimage\"},\"thumbnailUrl\":\"https:\\\/\\\/www.provisior.nl\\\/wp-content\\\/uploads\\\/2021\\\/01\\\/Koppelingen-3.png\",\"datePublished\":\"2022-05-16T09:26:04+00:00\",\"dateModified\":\"2022-05-16T09:29:18+00:00\",\"description\":\"Wat is Tech Data, hoe werkt de koppeling tussen Tech Data en Provisior en wat zijn de voordelen hiervan? Je leest het hier!\",\"breadcrumb\":{\"@id\":\"https:\\\/\\\/www.provisior.nl\\\/koppeling-tech-data\\\/#breadcrumb\"},\"inLanguage\":\"en-GB\",\"potentialAction\":[{\"@type\":\"ReadAction\",\"target\":[\"https:\\\/\\\/www.provisior.nl\\\/koppeling-tech-data\\\/\"]}]},{\"@type\":\"ImageObject\",\"inLanguage\":\"en-GB\",\"@id\":\"https:\\\/\\\/www.provisior.nl\\\/koppeling-tech-data\\\/#primaryimage\",\"url\":\"https:\\\/\\\/www.provisior.nl\\\/wp-content\\\/uploads\\\/2021\\\/01\\\/Koppelingen-3.png\",\"contentUrl\":\"https:\\\/\\\/www.provisior.nl\\\/wp-content\\\/uploads\\\/2021\\\/01\\\/Koppelingen-3.png\",\"width\":4102,\"height\":2464},{\"@type\":\"BreadcrumbList\",\"@id\":\"https:\\\/\\\/www.provisior.nl\\\/koppeling-tech-data\\\/#breadcrumb\",\"itemListElement\":[{\"@type\":\"ListItem\",\"position\":1,\"name\":\"Home\",\"item\":\"https:\\\/\\\/www.provisior.nl\\\/\"},{\"@type\":\"ListItem\",\"position\":2,\"name\":\"Koppeling Tech Data\"}]},{\"@type\":\"WebSite\",\"@id\":\"https:\\\/\\\/www.provisior.nl\\\/#website\",\"url\":\"https:\\\/\\\/www.provisior.nl\\\/\",\"name\":\"Provisior\",\"description\":\"IGA platform voor self service en automatisering\",\"potentialAction\":[{\"@type\":\"SearchAction\",\"target\":{\"@type\":\"EntryPoint\",\"urlTemplate\":\"https:\\\/\\\/www.provisior.nl\\\/?s={search_term_string}\"},\"query-input\":{\"@type\":\"PropertyValueSpecification\",\"valueRequired\":true,\"valueName\":\"search_term_string\"}}],\"inLanguage\":\"en-GB\"}]}<\/script>\n<!-- \/ Yoast SEO plugin. -->","yoast_head_json":{"title":"Koppeling met het IT-distributeur Tech Data - Provisior","description":"Wat is Tech Data, hoe werkt de koppeling tussen Tech Data en Provisior en wat zijn de voordelen hiervan? Je leest het hier!","robots":{"index":"index","follow":"follow","max-snippet":"max-snippet:-1","max-image-preview":"max-image-preview:large","max-video-preview":"max-video-preview:-1"},"canonical":"https:\/\/www.provisior.nl\/en\/koppeling-tech-data\/","og_locale":"en_GB","og_type":"article","og_title":"Koppeling met het IT-distributeur Tech Data - Provisior","og_description":"Wat is Tech Data, hoe werkt de koppeling tussen Tech Data en Provisior en wat zijn de voordelen hiervan? Je leest het hier!","og_url":"https:\/\/www.provisior.nl\/en\/koppeling-tech-data\/","og_site_name":"Provisior","article_modified_time":"2022-05-16T09:29:18+00:00","og_image":[{"width":4102,"height":2464,"url":"https:\/\/www.provisior.nl\/wp-content\/uploads\/2021\/01\/Koppelingen-3.png","type":"image\/png"}],"twitter_card":"summary_large_image","twitter_misc":{"Estimated reading time":"4 minutes"},"schema":{"@context":"https:\/\/schema.org","@graph":[{"@type":"WebPage","@id":"https:\/\/www.provisior.nl\/koppeling-tech-data\/","url":"https:\/\/www.provisior.nl\/koppeling-tech-data\/","name":"Koppeling met het IT-distributeur Tech Data - Provisior","isPartOf":{"@id":"https:\/\/www.provisior.nl\/#website"},"primaryImageOfPage":{"@id":"https:\/\/www.provisior.nl\/koppeling-tech-data\/#primaryimage"},"image":{"@id":"https:\/\/www.provisior.nl\/koppeling-tech-data\/#primaryimage"},"thumbnailUrl":"https:\/\/www.provisior.nl\/wp-content\/uploads\/2021\/01\/Koppelingen-3.png","datePublished":"2022-05-16T09:26:04+00:00","dateModified":"2022-05-16T09:29:18+00:00","description":"Wat is Tech Data, hoe werkt de koppeling tussen Tech Data en Provisior en wat zijn de voordelen hiervan? Je leest het hier!","breadcrumb":{"@id":"https:\/\/www.provisior.nl\/koppeling-tech-data\/#breadcrumb"},"inLanguage":"en-GB","potentialAction":[{"@type":"ReadAction","target":["https:\/\/www.provisior.nl\/koppeling-tech-data\/"]}]},{"@type":"ImageObject","inLanguage":"en-GB","@id":"https:\/\/www.provisior.nl\/koppeling-tech-data\/#primaryimage","url":"https:\/\/www.provisior.nl\/wp-content\/uploads\/2021\/01\/Koppelingen-3.png","contentUrl":"https:\/\/www.provisior.nl\/wp-content\/uploads\/2021\/01\/Koppelingen-3.png","width":4102,"height":2464},{"@type":"BreadcrumbList","@id":"https:\/\/www.provisior.nl\/koppeling-tech-data\/#breadcrumb","itemListElement":[{"@type":"ListItem","position":1,"name":"Home","item":"https:\/\/www.provisior.nl\/"},{"@type":"ListItem","position":2,"name":"Koppeling Tech Data"}]},{"@type":"WebSite","@id":"https:\/\/www.provisior.nl\/#website","url":"https:\/\/www.provisior.nl\/","name":"Provisior","description":"IGA platform voor self service en automatisering","potentialAction":[{"@type":"SearchAction","target":{"@type":"EntryPoint","urlTemplate":"https:\/\/www.provisior.nl\/?s={search_term_string}"},"query-input":{"@type":"PropertyValueSpecification","valueRequired":true,"valueName":"search_term_string"}}],"inLanguage":"en-GB"}]}},"_links":{"self":[{"href":"https:\/\/www.provisior.nl\/en\/wp-json\/wp\/v2\/pages\/9411","targetHints":{"allow":["GET"]}}],"collection":[{"href":"https:\/\/www.provisior.nl\/en\/wp-json\/wp\/v2\/pages"}],"about":[{"href":"https:\/\/www.provisior.nl\/en\/wp-json\/wp\/v2\/types\/page"}],"author":[{"embeddable":true,"href":"https:\/\/www.provisior.nl\/en\/wp-json\/wp\/v2\/users\/3"}],"replies":[{"embeddable":true,"href":"https:\/\/www.provisior.nl\/en\/wp-json\/wp\/v2\/comments?post=9411"}],"version-history":[{"count":3,"href":"https:\/\/www.provisior.nl\/en\/wp-json\/wp\/v2\/pages\/9411\/revisions"}],"predecessor-version":[{"id":9414,"href":"https:\/\/www.provisior.nl\/en\/wp-json\/wp\/v2\/pages\/9411\/revisions\/9414"}],"wp:featuredmedia":[{"embeddable":true,"href":"https:\/\/www.provisior.nl\/en\/wp-json\/wp\/v2\/media\/5804"}],"wp:attachment":[{"href":"https:\/\/www.provisior.nl\/en\/wp-json\/wp\/v2\/media?parent=9411"}],"curies":[{"name":"wp","href":"https:\/\/api.w.org\/{rel}","templated":true}]}}